{"id":796,"date":"2022-03-30T18:55:07","date_gmt":"2022-03-30T18:55:07","guid":{"rendered":"https:\/\/mileageproject.eu\/handbook\/"},"modified":"2024-02-07T09:18:25","modified_gmt":"2024-02-07T09:18:25","slug":"handbook","status":"publish","type":"page","link":"https:\/\/mileageproject.eu\/cs\/handbook\/","title":{"rendered":"P\u0159\u00edru\u010dka"},"content":{"rendered":"<h1><span style=\"font-weight: 400;\">P\u0159\u00edru\u010dka<\/span><\/h1>\n<div>\n<p><span>Tento dokument obsahuje informace a pokyny, kter\u00e9 pedagogov\u00e9 pot\u0159ebuj\u00ed k pou\u017e\u00edv\u00e1n\u00ed n\u00e1stroj\u016f MILEAGE a k poskytov\u00e1n\u00ed v\u00fdukov\u00e9ho programu MILEAGE c\u00edlov\u00e9 skupin\u011b. Pedagogov\u00e9 mus\u00ed v\u011bd\u011bt, co je pro seniory relevantn\u00ed a jak navrhovan\u00e9 n\u00e1stroje pou\u017e\u00edvat. Pot\u0159ebuj\u00ed tak\u00e9 jasnou p\u0159edstavu o probl\u00e9mech, kter\u00fdm dnes senio\u0159i \u010del\u00ed, a n\u00e1vod, jak je podpo\u0159it p\u0159i p\u0159ekon\u00e1v\u00e1n\u00ed p\u0159ek\u00e1\u017eek i rizik. P\u0159\u00edru\u010dka nab\u00edz\u00ed n\u00e1vrhy, jak zajistit, aby mlad\u0161\u00ed senio\u0159i byli motivov\u00e1ni k podpo\u0159e star\u0161\u00edch senior\u016f a aby vzd\u011blavatel\u00e9 v\u011bd\u011bli, jak podpo\u0159it dobr\u00e9 mo\u017enosti vz\u00e1jemn\u00e9ho u\u010den\u00ed a socializace. Pedagogov\u00e9 a senior\u0161t\u00ed vrstevn\u00edci mohou z p\u0159\u00edru\u010dky \u010derpat inspiraci pro \u00fapravu sv\u00e9ho komunika\u010dn\u00edho stylu a pedagogiky.<\/span><\/p>\n<\/div>\n<p>\n    <a href=\"\/wp-content\/uploads\/2024\/02\/CZ-Handbook-for-Educators.pdf\">St\u00e1hn\u011bte si p\u0159\u00edru\u010dku<\/a>\n<\/p>\n<p><img decoding=\"async\" src=\"\/wp-content\/uploads\/2022\/03\/handbook.svg\" alt=\"\"><\/p>\n<p><!--more--><br \/>\n<!-- {\"type\":\"layout\",\"children\":[{\"type\":\"section\",\"props\":{\"style\":\"default\",\"width\":\"default\",\"vertical_align\":\"middle\",\"title_position\":\"top-left\",\"title_rotation\":\"left\",\"title_breakpoint\":\"xl\",\"image_position\":\"center-center\",\"padding_remove_top\":true,\"height\":\"expand\"},\"children\":[{\"type\":\"row\",\"children\":[{\"type\":\"column\",\"props\":{\"position_sticky_breakpoint\":\"m\",\"image_position\":\"center-center\",\"media_overlay_gradient\":\"\"},\"children\":[{\"type\":\"headline\",\"props\":{\"title_element\":\"h1\",\"content\":\"<span style=\\\"font-weight: 400;\\\">P\\u0159\\u00edru\\u010dka<\\\/span>\",\"title_style\":\"h1\",\"title_color\":\"primary\",\"margin_remove_top\":true}}]}]},{\"type\":\"row\",\"props\":{\"layout\":\"2-3,1-3\"},\"children\":[{\"type\":\"column\",\"props\":{\"position_sticky_breakpoint\":\"m\",\"image_position\":\"center-center\",\"media_overlay_gradient\":\"\",\"width_medium\":\"2-3\"},\"children\":[{\"type\":\"text\",\"props\":{\"margin\":\"default\",\"column_breakpoint\":\"m\",\"content\":\"\n\n<p><span>Tento dokument obsahuje informace a pokyny, kter\\u00e9 pedagogov\\u00e9 pot\\u0159ebuj\\u00ed k pou\\u017e\\u00edv\\u00e1n\\u00ed n\\u00e1stroj\\u016f MILEAGE a k poskytov\\u00e1n\\u00ed v\\u00fdukov\\u00e9ho programu MILEAGE c\\u00edlov\\u00e9 skupin\\u011b. Pedagogov\\u00e9 mus\\u00ed v\\u011bd\\u011bt, co je pro seniory relevantn\\u00ed a jak navrhovan\\u00e9 n\\u00e1stroje pou\\u017e\\u00edvat. Pot\\u0159ebuj\\u00ed tak\\u00e9 jasnou p\\u0159edstavu o probl\\u00e9mech, kter\\u00fdm dnes senio\\u0159i \\u010del\\u00ed, a n\\u00e1vod, jak je podpo\\u0159it p\\u0159i p\\u0159ekon\\u00e1v\\u00e1n\\u00ed p\\u0159ek\\u00e1\\u017eek i rizik. P\\u0159\\u00edru\\u010dka nab\\u00edz\\u00ed n\\u00e1vrhy, jak zajistit, aby mlad\\u0161\\u00ed senio\\u0159i byli motivov\\u00e1ni k podpo\\u0159e star\\u0161\\u00edch senior\\u016f a aby vzd\\u011blavatel\\u00e9 v\\u011bd\\u011bli, jak podpo\\u0159it dobr\\u00e9 mo\\u017enosti vz\\u00e1jemn\\u00e9ho u\\u010den\\u00ed a socializace. Pedagogov\\u00e9 a senior\\u0161t\\u00ed vrstevn\\u00edci mohou z p\\u0159\\u00edru\\u010dky \\u010derpat inspiraci pro \\u00fapravu sv\\u00e9ho komunika\\u010dn\\u00edho stylu a pedagogiky.<\\\/span><\\\/p>\"}},{\"type\":\"button\",\"props\":{\"grid_column_gap\":\"small\",\"grid_row_gap\":\"small\",\"margin\":\"default\"},\"children\":[{\"type\":\"button_item\",\"props\":{\"button_style\":\"primary\",\"icon_align\":\"left\",\"content\":\"St\\u00e1hn\\u011bte si p\\u0159\\u00edru\\u010dku\",\"link_target\":\"blank\",\"link\":\"wp-content\\\/uploads\\\/2024\\\/02\\\/CZ-Handbook-for-Educators.pdf\"}}]}]},{\"type\":\"column\",\"props\":{\"position_sticky_breakpoint\":\"m\",\"image_position\":\"center-center\",\"media_overlay_gradient\":\"\",\"width_medium\":\"1-3\"},\"children\":[{\"type\":\"image\",\"props\":{\"margin\":\"default\",\"image_svg_color\":\"emphasis\",\"image\":\"wp-content\\\/uploads\\\/2022\\\/03\\\/handbook.svg\"}}]}]}]}],\"version\":\"2.7.22\"} --><\/p>\n","protected":false},"excerpt":{"rendered":"<p>P\u0159\u00edru\u010dka Tento dokument obsahuje informace a pokyny, kter\u00e9 pedagogov\u00e9 pot\u0159ebuj\u00ed k pou\u017e\u00edv\u00e1n\u00ed n\u00e1stroj\u016f MILEAGE a k poskytov\u00e1n\u00ed v\u00fdukov\u00e9ho programu MILEAGE c\u00edlov\u00e9 skupin\u011b. Pedagogov\u00e9 mus\u00ed v\u011bd\u011bt,..<\/p>\n","protected":false},"author":1,"featured_media":0,"parent":0,"menu_order":0,"comment_status":"closed","ping_status":"closed","template":"","meta":{"inline_featured_image":false,"footnotes":""},"class_list":["post-796","page","type-page","status-publish","hentry"],"_links":{"self":[{"href":"https:\/\/mileageproject.eu\/cs\/wp-json\/wp\/v2\/pages\/796","targetHints":{"allow":["GET"]}}],"collection":[{"href":"https:\/\/mileageproject.eu\/cs\/wp-json\/wp\/v2\/pages"}],"about":[{"href":"https:\/\/mileageproject.eu\/cs\/wp-json\/wp\/v2\/types\/page"}],"author":[{"embeddable":true,"href":"https:\/\/mileageproject.eu\/cs\/wp-json\/wp\/v2\/users\/1"}],"replies":[{"embeddable":true,"href":"https:\/\/mileageproject.eu\/cs\/wp-json\/wp\/v2\/comments?post=796"}],"version-history":[{"count":7,"href":"https:\/\/mileageproject.eu\/cs\/wp-json\/wp\/v2\/pages\/796\/revisions"}],"predecessor-version":[{"id":999,"href":"https:\/\/mileageproject.eu\/cs\/wp-json\/wp\/v2\/pages\/796\/revisions\/999"}],"wp:attachment":[{"href":"https:\/\/mileageproject.eu\/cs\/wp-json\/wp\/v2\/media?parent=796"}],"curies":[{"name":"wp","href":"https:\/\/api.w.org\/{rel}","templated":true}]}}