{"id":797,"date":"2022-03-30T18:55:07","date_gmt":"2022-03-30T18:55:07","guid":{"rendered":"https:\/\/mileageproject.eu\/handbook\/"},"modified":"2024-02-07T09:20:37","modified_gmt":"2024-02-07T09:20:37","slug":"handbook","status":"publish","type":"page","link":"https:\/\/mileageproject.eu\/fr\/handbook\/","title":{"rendered":"Manuel"},"content":{"rendered":"<h1>Manuel<\/h1>\n<div>\n<p><span>Ce document contient les informations et les instructions dont les \u00e9ducateurs et formateurs ont besoin pour utiliser les outils MILEAGE et proposer le programme de formation MILEAGE au groupe cible, les seniors. Les \u00e9ducateurs doivent savoir ce qui est pertinent pour les seniors et comment utiliser les outils propos\u00e9s. Ils ont \u00e9galement besoin d&rsquo;une vision claire des d\u00e9fis auxquels les seniors sont confront\u00e9s aujourd&rsquo;hui et de conseils pour les aider \u00e0 surmonter les obstacles et les risques. Le manuel donne \u00e9galement des suggestions pour s&rsquo;assurer que les jeunes seniors sont motiv\u00e9s pour soutenir les seniors plus \u00e2g\u00e9s et que les \u00e9ducateurs puissent favoriser l\u2019apprentissage entre pairs et les possibilit\u00e9s de socialisation. Les \u00e9ducateurs et les seniors peuvent s&rsquo;inspirer de ce manuel pour adapter leur style de communication et leur p\u00e9dagogie.<\/span><\/p>\n<\/div>\n<p>\n    <a href=\"\/wp-content\/uploads\/2024\/02\/FR-%E2%80%93-Handbook-for-Educators.pdf\">T\u00e9l\u00e9charger le manuel<\/a>\n<\/p>\n<p><img decoding=\"async\" src=\"\/wp-content\/uploads\/2022\/03\/handbook.svg\" alt=\"\"><\/p>\n<p><!--more--><br \/>\n<!-- {\"type\":\"layout\",\"children\":[{\"type\":\"section\",\"props\":{\"style\":\"default\",\"width\":\"default\",\"vertical_align\":\"middle\",\"title_position\":\"top-left\",\"title_rotation\":\"left\",\"title_breakpoint\":\"xl\",\"image_position\":\"center-center\",\"padding_remove_top\":true,\"height\":\"expand\"},\"children\":[{\"type\":\"row\",\"children\":[{\"type\":\"column\",\"props\":{\"position_sticky_breakpoint\":\"m\",\"image_position\":\"center-center\",\"media_overlay_gradient\":\"\"},\"children\":[{\"type\":\"headline\",\"props\":{\"title_element\":\"h1\",\"content\":\"Manuel\",\"title_style\":\"h1\",\"title_color\":\"primary\",\"margin_remove_top\":true}}]}]},{\"type\":\"row\",\"props\":{\"layout\":\"2-3,1-3\"},\"children\":[{\"type\":\"column\",\"props\":{\"position_sticky_breakpoint\":\"m\",\"image_position\":\"center-center\",\"media_overlay_gradient\":\"\",\"width_medium\":\"2-3\"},\"children\":[{\"type\":\"text\",\"props\":{\"margin\":\"default\",\"column_breakpoint\":\"m\",\"content\":\"\n\n<p><span>Ce document contient les informations et les instructions dont les \\u00e9ducateurs et formateurs ont besoin pour utiliser les outils MILEAGE et proposer le programme de formation MILEAGE au groupe cible, les seniors. Les \\u00e9ducateurs doivent savoir ce qui est pertinent pour les seniors et comment utiliser les outils propos\\u00e9s. Ils ont \\u00e9galement besoin d'une vision claire des d\\u00e9fis auxquels les seniors sont confront\\u00e9s aujourd'hui et de conseils pour les aider \\u00e0 surmonter les obstacles et les risques. Le manuel donne \\u00e9galement des suggestions pour s'assurer que les jeunes seniors sont motiv\\u00e9s pour soutenir les seniors plus \\u00e2g\\u00e9s et que les \\u00e9ducateurs puissent favoriser l\\u2019apprentissage entre pairs et les possibilit\\u00e9s de socialisation. Les \\u00e9ducateurs et les seniors peuvent s'inspirer de ce manuel pour adapter leur style de communication et leur p\\u00e9dagogie.<\\\/span><\\\/p>\"}},{\"type\":\"button\",\"props\":{\"grid_column_gap\":\"small\",\"grid_row_gap\":\"small\",\"margin\":\"default\"},\"children\":[{\"type\":\"button_item\",\"props\":{\"button_style\":\"primary\",\"icon_align\":\"left\",\"content\":\"T\\u00e9l\\u00e9charger le manuel\",\"link\":\"wp-content\\\/uploads\\\/2024\\\/02\\\/FR-\\u2013-Handbook-for-Educators.pdf\",\"link_target\":\"blank\"}}]}]},{\"type\":\"column\",\"props\":{\"position_sticky_breakpoint\":\"m\",\"image_position\":\"center-center\",\"media_overlay_gradient\":\"\",\"width_medium\":\"1-3\"},\"children\":[{\"type\":\"image\",\"props\":{\"margin\":\"default\",\"image_svg_color\":\"emphasis\",\"image\":\"wp-content\\\/uploads\\\/2022\\\/03\\\/handbook.svg\"}}]}]}]}],\"version\":\"2.7.22\"} --><\/p>\n","protected":false},"excerpt":{"rendered":"<p>Manuel Ce document contient les informations et les instructions dont les \u00e9ducateurs et formateurs ont besoin pour utiliser les outils MILEAGE et proposer le programme..<\/p>\n","protected":false},"author":1,"featured_media":0,"parent":0,"menu_order":0,"comment_status":"closed","ping_status":"closed","template":"","meta":{"inline_featured_image":false,"footnotes":""},"class_list":["post-797","page","type-page","status-publish","hentry"],"_links":{"self":[{"href":"https:\/\/mileageproject.eu\/fr\/wp-json\/wp\/v2\/pages\/797","targetHints":{"allow":["GET"]}}],"collection":[{"href":"https:\/\/mileageproject.eu\/fr\/wp-json\/wp\/v2\/pages"}],"about":[{"href":"https:\/\/mileageproject.eu\/fr\/wp-json\/wp\/v2\/types\/page"}],"author":[{"embeddable":true,"href":"https:\/\/mileageproject.eu\/fr\/wp-json\/wp\/v2\/users\/1"}],"replies":[{"embeddable":true,"href":"https:\/\/mileageproject.eu\/fr\/wp-json\/wp\/v2\/comments?post=797"}],"version-history":[{"count":3,"href":"https:\/\/mileageproject.eu\/fr\/wp-json\/wp\/v2\/pages\/797\/revisions"}],"predecessor-version":[{"id":1006,"href":"https:\/\/mileageproject.eu\/fr\/wp-json\/wp\/v2\/pages\/797\/revisions\/1006"}],"wp:attachment":[{"href":"https:\/\/mileageproject.eu\/fr\/wp-json\/wp\/v2\/media?parent=797"}],"curies":[{"name":"wp","href":"https:\/\/api.w.org\/{rel}","templated":true}]}}