{"id":798,"date":"2022-03-30T18:55:07","date_gmt":"2022-03-30T18:55:07","guid":{"rendered":"https:\/\/mileageproject.eu\/handbook\/"},"modified":"2024-02-07T10:25:57","modified_gmt":"2024-02-07T10:25:57","slug":"handbook","status":"publish","type":"page","link":"https:\/\/mileageproject.eu\/it\/handbook\/","title":{"rendered":"Manuale"},"content":{"rendered":"<div>\n<p><span>Questo documento contiene le informazioni e le istruzioni necessarie agli educatori per utilizzare gli strumenti MILEAGE e fornire il programma di apprendimento MILEAGE al gruppo target. Gli educatori devono sapere cosa \u00e8 rilevante per i senior e come utilizzare gli strumenti proposti. Devono anche avere una visione chiara delle sfide che i senior devono affrontare oggi e una guida per aiutarli a superare sia le barriere che i rischi. Il manuale offre suggerimenti per assicurarsi che i senior pi\u00f9 giovani siano motivati a sostenere i senior pi\u00f9 anziani e che gli educatori siano consapevoli di come promuovere buone opportunit\u00e0 di apprendimento tra pari e possibilit\u00e0 di socializzazione. Gli educatori e i senior possono utilizzare il manuale per trarre ispirazione per adattare il loro stile di comunicazione e la loro pedagogia.<\/span><\/p>\n<\/div>\n<p>\n    <a href=\"\/wp-content\/uploads\/2024\/02\/IT-Handbook-for-Educators.pdf\">Scarica il Manuale<\/a>\n<\/p>\n<p><img decoding=\"async\" src=\"\/wp-content\/uploads\/2022\/03\/handbook.svg\" alt=\"\"><\/p>\n<p><!--more--><br \/>\n<!-- {\"type\":\"layout\",\"children\":[{\"type\":\"section\",\"props\":{\"style\":\"default\",\"width\":\"default\",\"vertical_align\":\"middle\",\"title_position\":\"top-left\",\"title_rotation\":\"left\",\"title_breakpoint\":\"xl\",\"image_position\":\"center-center\",\"padding_remove_top\":true},\"children\":[{\"type\":\"row\",\"children\":[{\"type\":\"column\",\"props\":{\"position_sticky_breakpoint\":\"m\",\"image_position\":\"center-center\",\"media_overlay_gradient\":\"\"},\"children\":[{\"type\":\"headline\",\"props\":{\"title_element\":\"h1\",\"title_style\":\"h1\",\"title_color\":\"primary\",\"margin_remove_top\":true},\"source\":{\"query\":{\"name\":\"pages.singlePage\"},\"props\":{\"content\":{\"filters\":{\"search\":\"\"},\"name\":\"title\"}}}}]}]},{\"type\":\"row\",\"props\":{\"layout\":\"2-3,1-3\"},\"children\":[{\"type\":\"column\",\"props\":{\"position_sticky_breakpoint\":\"m\",\"image_position\":\"center-center\",\"media_overlay_gradient\":\"\",\"width_medium\":\"2-3\"},\"children\":[{\"type\":\"text\",\"props\":{\"margin\":\"default\",\"column_breakpoint\":\"m\",\"content\":\"\n\n<p><span>Questo documento contiene le informazioni e le istruzioni necessarie agli educatori per utilizzare gli strumenti MILEAGE e fornire il programma di apprendimento MILEAGE al gruppo target. Gli educatori devono sapere cosa \\u00e8 rilevante per i senior e come utilizzare gli strumenti proposti. Devono anche avere una visione chiara delle sfide che i senior devono affrontare oggi e una guida per aiutarli a superare sia le barriere che i rischi. Il manuale offre suggerimenti per assicurarsi che i senior pi\\u00f9 giovani siano motivati a sostenere i senior pi\\u00f9 anziani e che gli educatori siano consapevoli di come promuovere buone opportunit\\u00e0 di apprendimento tra pari e possibilit\\u00e0 di socializzazione. Gli educatori e i senior possono utilizzare il manuale per trarre ispirazione per adattare il loro stile di comunicazione e la loro pedagogia.<\\\/span><\\\/p>\"}},{\"type\":\"button\",\"props\":{\"grid_column_gap\":\"small\",\"grid_row_gap\":\"small\",\"margin\":\"default\"},\"children\":[{\"type\":\"button_item\",\"props\":{\"button_style\":\"primary\",\"icon_align\":\"left\",\"content\":\"Scarica il Manuale\",\"link_target\":\"blank\",\"link\":\"wp-content\\\/uploads\\\/2024\\\/02\\\/IT-Handbook-for-Educators.pdf\"}}]}]},{\"type\":\"column\",\"props\":{\"position_sticky_breakpoint\":\"m\",\"image_position\":\"center-center\",\"media_overlay_gradient\":\"\",\"width_medium\":\"1-3\"},\"children\":[{\"type\":\"image\",\"props\":{\"margin\":\"default\",\"image_svg_color\":\"emphasis\",\"image\":\"wp-content\\\/uploads\\\/2022\\\/03\\\/handbook.svg\"}}]}]}]}],\"version\":\"2.7.22\"} --><\/p>\n","protected":false},"excerpt":{"rendered":"<p>Questo documento contiene le informazioni e le istruzioni necessarie agli educatori per utilizzare gli strumenti MILEAGE e fornire il programma di apprendimento MILEAGE al gruppo..<\/p>\n","protected":false},"author":1,"featured_media":0,"parent":0,"menu_order":0,"comment_status":"closed","ping_status":"closed","template":"","meta":{"inline_featured_image":false,"footnotes":""},"class_list":["post-798","page","type-page","status-publish","hentry"],"_links":{"self":[{"href":"https:\/\/mileageproject.eu\/it\/wp-json\/wp\/v2\/pages\/798","targetHints":{"allow":["GET"]}}],"collection":[{"href":"https:\/\/mileageproject.eu\/it\/wp-json\/wp\/v2\/pages"}],"about":[{"href":"https:\/\/mileageproject.eu\/it\/wp-json\/wp\/v2\/types\/page"}],"author":[{"embeddable":true,"href":"https:\/\/mileageproject.eu\/it\/wp-json\/wp\/v2\/users\/1"}],"replies":[{"embeddable":true,"href":"https:\/\/mileageproject.eu\/it\/wp-json\/wp\/v2\/comments?post=798"}],"version-history":[{"count":3,"href":"https:\/\/mileageproject.eu\/it\/wp-json\/wp\/v2\/pages\/798\/revisions"}],"predecessor-version":[{"id":1020,"href":"https:\/\/mileageproject.eu\/it\/wp-json\/wp\/v2\/pages\/798\/revisions\/1020"}],"wp:attachment":[{"href":"https:\/\/mileageproject.eu\/it\/wp-json\/wp\/v2\/media?parent=798"}],"curies":[{"name":"wp","href":"https:\/\/api.w.org\/{rel}","templated":true}]}}