{"id":778,"date":"2022-02-24T14:11:37","date_gmt":"2022-02-24T14:11:37","guid":{"rendered":"https:\/\/mileageproject.eu\/home\/"},"modified":"2022-07-11T22:07:38","modified_gmt":"2022-07-11T22:07:38","slug":"home","status":"publish","type":"page","link":"https:\/\/mileageproject.eu\/pl\/","title":{"rendered":"Home"},"content":{"rendered":"<h1>Umiej\u0119tno\u015b\u0107 korzystania z medi\u00f3w i informacji oraz rozwijanie kompetencji cyfrowych dla aktywnego starzenia si\u0119<\/h1>\n<p>\n    <a href=\"\/pl\/about\/\">Dowiedz si\u0119 wi\u0119cej<\/a>\n<\/p>\n<p><img decoding=\"async\" src=\"\/wp-content\/uploads\/2022\/03\/home-intro.svg\" alt=\"\"><br \/>\n<img decoding=\"async\" src=\"\/wp-content\/uploads\/2022\/03\/elearning-image.png\" alt=\"\"><\/p>\n<h2>eLearning<\/h2>\n<div>\n<p>Wkr\u00f3tce wi\u0119cej informacji.<\/p>\n<\/div>\n<p>\n    <a href=\"\/pl\/elearning\/\">Dowiedz si\u0119 wi\u0119cej<\/a>\n<\/p>\n<h2>Aktualno\u015bci<\/h2>\n<div>\n<\/div>\n<p>\n    <a href=\"\/pl\/category\/aktualnosci\">Wy\u015bwietl wszystkie aktualno\u015bci<\/a>\n<\/p>\n<p><!--more--><br \/>\n<!-- {\"type\":\"layout\",\"children\":[{\"type\":\"section\",\"props\":{\"style\":\"default\",\"width\":\"default\",\"vertical_align\":\"middle\",\"title_position\":\"top-left\",\"title_rotation\":\"left\",\"title_breakpoint\":\"xl\",\"image_position\":\"center-center\",\"class\":\"intro-section home-section\"},\"children\":[{\"type\":\"row\",\"props\":{\"layout\":\"1-2,1-2\"},\"children\":[{\"type\":\"column\",\"props\":{\"position_sticky_breakpoint\":\"m\",\"image_position\":\"center-center\",\"media_overlay_gradient\":\"\",\"width_medium\":\"1-2\",\"order_first\":\"xs\",\"width_small\":\"1-1\",\"width_large\":\"1-2\",\"width_xlarge\":\"1-2\"},\"children\":[{\"type\":\"headline\",\"props\":{\"title_element\":\"h1\",\"title_color\":\"primary\",\"content\":\"Umiej\\u0119tno\\u015b\\u0107 korzystania z medi\\u00f3w i informacji oraz rozwijanie kompetencji cyfrowych dla aktywnego starzenia si\\u0119\",\"title_style\":\"h1\",\"animation\":\"slide-left-small\",\"css\":\".el-element{\\n    font-weight: bold;\\n}\",\"class\":\"intro-header data-uk-scrollspy\",\"margin\":\"default\"}},{\"type\":\"button\",\"props\":{\"grid_column_gap\":\"small\",\"grid_row_gap\":\"small\",\"margin\":\"default\"},\"children\":[{\"type\":\"button_item\",\"props\":{\"button_style\":\"primary\",\"icon_align\":\"left\",\"content\":\"[readmore_text]\",\"link\":\"pl\\\/about\\\/\"}}]}]},{\"type\":\"column\",\"props\":{\"position_sticky_breakpoint\":\"m\",\"image_position\":\"center-center\",\"media_overlay_gradient\":\"\",\"width_medium\":\"1-2\",\"order_first\":\"\",\"width_small\":\"small\",\"width_large\":\"1-2\",\"width_xlarge\":\"1-2\",\"width_default\":\"small\"},\"children\":[{\"type\":\"image\",\"props\":{\"margin\":\"default\",\"image_svg_color\":\"emphasis\",\"image\":\"wp-content\\\/uploads\\\/2022\\\/03\\\/home-intro.svg\",\"text_align\":\"center\"}}]}]}]},{\"type\":\"section\",\"props\":{\"style\":\"default\",\"width\":\"default\",\"vertical_align\":\"middle\",\"title_position\":\"top-left\",\"title_rotation\":\"left\",\"title_breakpoint\":\"xl\",\"image_position\":\"center-center\",\"class\":\"home-section\"},\"children\":[{\"type\":\"row\",\"props\":{\"layout\":\"1-2,1-2\"},\"children\":[{\"type\":\"column\",\"props\":{\"position_sticky_breakpoint\":\"m\",\"image_position\":\"center-center\",\"media_overlay_gradient\":\"\",\"width_medium\":\"1-2\",\"width_small\":\"1-2\",\"order_first\":\"\"},\"children\":[{\"type\":\"image\",\"props\":{\"margin\":\"default\",\"image_svg_color\":\"emphasis\",\"image\":\"wp-content\\\/uploads\\\/2022\\\/03\\\/elearning-image.png\",\"text_align\":\"center\"}}]},{\"type\":\"column\",\"props\":{\"position_sticky_breakpoint\":\"m\",\"image_position\":\"center-center\",\"media_overlay_gradient\":\"\",\"width_medium\":\"1-2\",\"position_sticky\":false,\"class\":\"colored-column\",\"width_small\":\"1-2\",\"order_first\":\"\"},\"children\":[{\"type\":\"headline\",\"props\":{\"title_element\":\"h2\",\"content\":\"eLearning\",\"title_style\":\"h2\",\"title_color\":\"secondary\"}},{\"type\":\"text\",\"props\":{\"margin\":\"default\",\"column_breakpoint\":\"m\",\"content\":\"\n\n<p>Wkr\\u00f3tce wi\\u0119cej informacji.<\\\/p>\"}},{\"type\":\"button\",\"props\":{\"grid_column_gap\":\"small\",\"grid_row_gap\":\"small\",\"margin\":\"default\"},\"children\":[{\"type\":\"button_item\",\"props\":{\"button_style\":\"primary\",\"icon_align\":\"left\",\"content\":\"[readmore_text]\",\"link\":\"pl\\\/elearning\\\/\"}}]}]}]}]},{\"type\":\"section\",\"props\":{\"style\":\"default\",\"width\":\"default\",\"vertical_align\":\"middle\",\"title_position\":\"top-left\",\"title_rotation\":\"left\",\"title_breakpoint\":\"xl\",\"image_position\":\"center-center\",\"css\":\".el-element{\\n\\tbackground-color: rgb(130 201 200 \\\/ 20%);\\n}\",\"class\":\"white-section\"},\"children\":[{\"type\":\"row\",\"children\":[{\"type\":\"column\",\"props\":{\"position_sticky_breakpoint\":\"m\",\"image_position\":\"center-center\",\"media_overlay_gradient\":\"\"},\"children\":[{\"type\":\"headline\",\"props\":{\"title_element\":\"h2\",\"title_style\":\"h2\",\"title_color\":\"secondary\",\"text_align\":\"left\",\"content\":\"Aktualno\\u015bci\",\"position_left\":\"-600\",\"animation\":\"slide-bottom-small\",\"css\":\".el-element{\\n\\tfont-weight: 600;\\n}\"}},{\"type\":\"grid\",\"props\":{\"show_title\":true,\"show_meta\":false,\"show_content\":true,\"show_image\":true,\"show_link\":true,\"grid_default\":\"1\",\"grid_medium\":\"3\",\"filter_style\":\"tab\",\"filter_all\":true,\"filter_position\":\"top\",\"filter_align\":\"left\",\"filter_grid_width\":\"auto\",\"filter_grid_breakpoint\":\"m\",\"title_hover_style\":\"reset\",\"title_element\":\"h3\",\"title_align\":\"top\",\"title_grid_width\":\"1-2\",\"title_grid_breakpoint\":\"m\",\"meta_style\":\"meta\",\"meta_align\":\"below-title\",\"meta_element\":\"div\",\"content_column_breakpoint\":\"m\",\"icon_width\":80,\"image_align\":\"top\",\"image_grid_width\":\"1-2\",\"image_grid_breakpoint\":\"m\",\"image_svg_color\":\"emphasis\",\"link_text\":\"\",\"link_style\":\"secondary\",\"margin\":\"default\",\"item_animation\":true,\"panel_style\":\"card-default\",\"class\":\"news-grid home-news\",\"panel_link\":true,\"grid_xlarge\":\"3\",\"panel_padding\":\"small\",\"panel_image_no_padding\":true,\"title_style\":\"h3\",\"title_link\":true,\"title_color\":\"success\",\"grid_large\":\"3\",\"grid_small\":\"3\",\"grid_column_align\":false,\"animation\":\"fade\"},\"children\":[{\"type\":\"grid_item\",\"props\":{\"link_text\":\"\"},\"source\":{\"query\":{\"name\":\"posts.customPosts\",\"arguments\":{\"terms\":[35],\"category_operator\":\"IN\",\"post_tag_operator\":\"IN\",\"users\":[],\"users_operator\":\"IN\",\"offset\":0,\"limit\":3,\"order\":\"date\",\"order_direction\":\"DESC\"}},\"props\":{\"title\":{\"filters\":{\"search\":\"\"},\"name\":\"title\"},\"content\":{\"filters\":{\"search\":\"\"},\"name\":\"excerpt\"},\"image\":{\"filters\":{\"search\":\"\"},\"name\":\"featuredImage.url\"},\"link\":{\"filters\":{\"search\":\"\"},\"name\":\"link\"}}}}]},{\"type\":\"button\",\"props\":{\"grid_column_gap\":\"small\",\"grid_row_gap\":\"small\",\"margin\":\"default\",\"text_align\":\"center\"},\"children\":[{\"type\":\"button_item\",\"props\":{\"button_style\":\"primary\",\"icon_align\":\"left\",\"content\":\"Wy\\u015bwietl wszystkie aktualno\\u015bci\",\"link\":\"pl\\\/category\\\/aktualnosci\"}}]}]}]}]}],\"version\":\"2.7.22\"} --><\/p>\n","protected":false},"excerpt":{"rendered":"<p>Umiej\u0119tno\u015b\u0107 korzystania z medi\u00f3w i informacji oraz rozwijanie kompetencji cyfrowych dla aktywnego starzenia si\u0119 eLearning Wkr\u00f3tce wi\u0119cej informacji. Aktualno\u015bci Wy\u015bwietl wszystkie aktualno\u015bci<\/p>\n","protected":false},"author":1,"featured_media":0,"parent":0,"menu_order":0,"comment_status":"closed","ping_status":"closed","template":"","meta":{"inline_featured_image":false,"footnotes":""},"class_list":["post-778","page","type-page","status-publish","hentry"],"_links":{"self":[{"href":"https:\/\/mileageproject.eu\/pl\/wp-json\/wp\/v2\/pages\/778","targetHints":{"allow":["GET"]}}],"collection":[{"href":"https:\/\/mileageproject.eu\/pl\/wp-json\/wp\/v2\/pages"}],"about":[{"href":"https:\/\/mileageproject.eu\/pl\/wp-json\/wp\/v2\/types\/page"}],"author":[{"embeddable":true,"href":"https:\/\/mileageproject.eu\/pl\/wp-json\/wp\/v2\/users\/1"}],"replies":[{"embeddable":true,"href":"https:\/\/mileageproject.eu\/pl\/wp-json\/wp\/v2\/comments?post=778"}],"version-history":[{"count":2,"href":"https:\/\/mileageproject.eu\/pl\/wp-json\/wp\/v2\/pages\/778\/revisions"}],"predecessor-version":[{"id":899,"href":"https:\/\/mileageproject.eu\/pl\/wp-json\/wp\/v2\/pages\/778\/revisions\/899"}],"wp:attachment":[{"href":"https:\/\/mileageproject.eu\/pl\/wp-json\/wp\/v2\/media?parent=778"}],"curies":[{"name":"wp","href":"https:\/\/api.w.org\/{rel}","templated":true}]}}