{"id":799,"date":"2022-03-30T18:55:07","date_gmt":"2022-03-30T18:55:07","guid":{"rendered":"https:\/\/mileageproject.eu\/handbook\/"},"modified":"2024-02-07T10:27:29","modified_gmt":"2024-02-07T10:27:29","slug":"handbook","status":"publish","type":"page","link":"https:\/\/mileageproject.eu\/pl\/handbook\/","title":{"rendered":"Podr\u0119cznik"},"content":{"rendered":"<div>\n<p><span>Niniejszy dokument zawiera informacje i instrukcje, kt\u00f3rych edukatorzy potrzebuj\u0105, aby korzysta\u0107 z narz\u0119dzi MILEAGE i zapewni\u0107 program nauczania MILEAGE grupie docelowej. Edukatorzy musz\u0105 wiedzie\u0107, co jest istotne dla senior\u00f3w i jak korzysta\u0107 z proponowanych narz\u0119dzi. Potrzebuj\u0105 r\u00f3wnie\u017c jasnej wizji wyzwa\u0144, przed kt\u00f3rymi stoj\u0105 dzi\u015b seniorzy, oraz wskaz\u00f3wek dotycz\u0105cych wspierania ich w pokonywaniu zar\u00f3wno barier, jak i zagro\u017ce\u0144. Podr\u0119cznik zawiera sugestie, aby upewni\u0107 si\u0119, \u017ce m\u0142odsi seniorzy s\u0105 zmotywowani do wspierania starszych senior\u00f3w i \u017ce edukatorzy s\u0105 \u015bwiadomi tego, jak wspiera\u0107 dobre mo\u017cliwo\u015bci uczenia si\u0119 od r\u00f3wie\u015bnik\u00f3w i mo\u017cliwo\u015bci socjalizacji. Nauczyciele i seniorzy mog\u0105 skorzysta\u0107 z podr\u0119cznika, aby uzyska\u0107 inspiracj\u0119 do dostosowania swojego stylu komunikacji i pedagogiki.<\/span><\/p>\n<\/div>\n<p>\n    <a href=\"\/wp-content\/uploads\/2024\/02\/PL-%E2%80%93-Handbook-for-Educators.pdf\">Pobierz podr\u0119cznik<\/a>\n<\/p>\n<p><img decoding=\"async\" src=\"\/wp-content\/uploads\/2022\/03\/handbook.svg\" alt=\"\"><\/p>\n<p><!--more--><br \/>\n<!-- {\"type\":\"layout\",\"children\":[{\"type\":\"section\",\"props\":{\"style\":\"default\",\"width\":\"default\",\"vertical_align\":\"middle\",\"title_position\":\"top-left\",\"title_rotation\":\"left\",\"title_breakpoint\":\"xl\",\"image_position\":\"center-center\",\"padding_remove_top\":true},\"children\":[{\"type\":\"row\",\"children\":[{\"type\":\"column\",\"props\":{\"position_sticky_breakpoint\":\"m\",\"image_position\":\"center-center\",\"media_overlay_gradient\":\"\"},\"children\":[{\"type\":\"headline\",\"props\":{\"title_element\":\"h1\",\"title_style\":\"h1\",\"title_color\":\"primary\",\"margin_remove_top\":true},\"source\":{\"query\":{\"name\":\"pages.singlePage\"},\"props\":{\"content\":{\"filters\":{\"search\":\"\"},\"name\":\"title\"}}}}]}]},{\"type\":\"row\",\"props\":{\"layout\":\"2-3,1-3\"},\"children\":[{\"type\":\"column\",\"props\":{\"position_sticky_breakpoint\":\"m\",\"image_position\":\"center-center\",\"media_overlay_gradient\":\"\",\"width_medium\":\"2-3\"},\"children\":[{\"type\":\"text\",\"props\":{\"margin\":\"default\",\"column_breakpoint\":\"m\",\"content\":\"\n\n<p><span>Niniejszy dokument zawiera informacje i instrukcje, kt\\u00f3rych edukatorzy potrzebuj\\u0105, aby korzysta\\u0107 z narz\\u0119dzi MILEAGE i zapewni\\u0107 program nauczania MILEAGE grupie docelowej. Edukatorzy musz\\u0105 wiedzie\\u0107, co jest istotne dla senior\\u00f3w i jak korzysta\\u0107 z proponowanych narz\\u0119dzi. Potrzebuj\\u0105 r\\u00f3wnie\\u017c jasnej wizji wyzwa\\u0144, przed kt\\u00f3rymi stoj\\u0105 dzi\\u015b seniorzy, oraz wskaz\\u00f3wek dotycz\\u0105cych wspierania ich w pokonywaniu zar\\u00f3wno barier, jak i zagro\\u017ce\\u0144. Podr\\u0119cznik zawiera sugestie, aby upewni\\u0107 si\\u0119, \\u017ce m\\u0142odsi seniorzy s\\u0105 zmotywowani do wspierania starszych senior\\u00f3w i \\u017ce edukatorzy s\\u0105 \\u015bwiadomi tego, jak wspiera\\u0107 dobre mo\\u017cliwo\\u015bci uczenia si\\u0119 od r\\u00f3wie\\u015bnik\\u00f3w i mo\\u017cliwo\\u015bci socjalizacji. Nauczyciele i seniorzy mog\\u0105 skorzysta\\u0107 z podr\\u0119cznika, aby uzyska\\u0107 inspiracj\\u0119 do dostosowania swojego stylu komunikacji i pedagogiki.<\\\/span><\\\/p>\"}},{\"type\":\"button\",\"props\":{\"grid_column_gap\":\"small\",\"grid_row_gap\":\"small\",\"margin\":\"default\"},\"children\":[{\"type\":\"button_item\",\"props\":{\"button_style\":\"default\",\"icon_align\":\"left\",\"content\":\"Pobierz podr\\u0119cznik\",\"link\":\"wp-content\\\/uploads\\\/2024\\\/02\\\/PL-\\u2013-Handbook-for-Educators.pdf\"}}]}]},{\"type\":\"column\",\"props\":{\"position_sticky_breakpoint\":\"m\",\"image_position\":\"center-center\",\"media_overlay_gradient\":\"\",\"width_medium\":\"1-3\"},\"children\":[{\"type\":\"image\",\"props\":{\"margin\":\"default\",\"image_svg_color\":\"emphasis\",\"image\":\"wp-content\\\/uploads\\\/2022\\\/03\\\/handbook.svg\"}}]}]}]}],\"version\":\"2.7.22\"} --><\/p>\n","protected":false},"excerpt":{"rendered":"<p>Niniejszy dokument zawiera informacje i instrukcje, kt\u00f3rych edukatorzy potrzebuj\u0105, aby korzysta\u0107 z narz\u0119dzi MILEAGE i zapewni\u0107 program nauczania MILEAGE grupie docelowej. Edukatorzy musz\u0105 wiedzie\u0107, co..<\/p>\n","protected":false},"author":1,"featured_media":0,"parent":0,"menu_order":0,"comment_status":"closed","ping_status":"closed","template":"","meta":{"inline_featured_image":false,"footnotes":""},"class_list":["post-799","page","type-page","status-publish","hentry"],"_links":{"self":[{"href":"https:\/\/mileageproject.eu\/pl\/wp-json\/wp\/v2\/pages\/799","targetHints":{"allow":["GET"]}}],"collection":[{"href":"https:\/\/mileageproject.eu\/pl\/wp-json\/wp\/v2\/pages"}],"about":[{"href":"https:\/\/mileageproject.eu\/pl\/wp-json\/wp\/v2\/types\/page"}],"author":[{"embeddable":true,"href":"https:\/\/mileageproject.eu\/pl\/wp-json\/wp\/v2\/users\/1"}],"replies":[{"embeddable":true,"href":"https:\/\/mileageproject.eu\/pl\/wp-json\/wp\/v2\/comments?post=799"}],"version-history":[{"count":3,"href":"https:\/\/mileageproject.eu\/pl\/wp-json\/wp\/v2\/pages\/799\/revisions"}],"predecessor-version":[{"id":1027,"href":"https:\/\/mileageproject.eu\/pl\/wp-json\/wp\/v2\/pages\/799\/revisions\/1027"}],"wp:attachment":[{"href":"https:\/\/mileageproject.eu\/pl\/wp-json\/wp\/v2\/media?parent=799"}],"curies":[{"name":"wp","href":"https:\/\/api.w.org\/{rel}","templated":true}]}}